{"id":732,"date":"2019-06-05T10:15:28","date_gmt":"2019-06-05T10:15:28","guid":{"rendered":"https:\/\/www.renogear.net\/ingenieria"},"modified":"2020-10-28T07:37:16","modified_gmt":"2020-10-28T07:37:16","slug":"engineering","status":"publish","type":"page","link":"https:\/\/www.renogear.net\/en\/engineering","title":{"rendered":"Innovation | Product Engineering"},"content":{"rendered":"<div class=\"row justify-content-center\">\n<div class=\"col-md-8 \">\n<p class=\"lead mt-4 mb-4\"><strong>RENOGEAR offers specific solutions to special technical requirements<\/strong>, with reliability and cost effectiveness. Our custom made bearings are based on innovative technologies and robust, efficient and optimized designs to achieve the stated objectives. <strong>Renogear guarantees precision, high performance and great durability on its bearings<\/strong><\/p>\n<\/div>\n<\/div>\n<p><!-- hasi proba--><\/p>\n<div class=\"row justify-content-center\">\n<\/div>\n<div class=\"atalak2\">\n<div class=\"row d-flex justify-content-center\">\n<div class=\"col-md-10\">\n<p class=\"atal-txt \">Renogear is innovation, it is the engineering of the future<\/p>\n<p class=\"atal-txt2 mb-3\">We solve today&#8217;s industrial challenges, we solve tomorrow&#8217;s problems<\/p>\n<\/div>\n<div class=\"col-md-8\">\n<p class=\"lead mt-4 mb-4\">At <strong>Renogear<\/strong> we look to the future with enthusiasm, we are passionate about cooperating with our customers in the <strong>development of new technologies and applications<\/strong>. Each new challenge involves innovating at different stages of production, from the conception of the idea to the development of the industrial solution. Every R&#038;D process allows us to <strong>experiment, improve and grow together with our customers or collaborators.<\/strong><\/p>\n<\/div>\n<\/div>\n<\/div>\n<p><!-- amaitu proba --><\/p>\n<div class=\"info-panel\">\n<div class=\"row justify-content-center\">\n<div class=\"col-lg-8\">\n<div id=\"accordion\" class=\"panel-group\">\n<div id=\"panel1\" class=\"panel\">\n<div class=\"panel-heading\">\n<h3 class=\"panel-title\"><a href=\"#collapseOne\" data-toggle=\"collapse\" data-target=\"#collapseOne\"> PROJECTS <i class=\"fa fa-chevron-down\"><\/i><i class=\"fa fa-chevron-up\"><\/i><\/a><\/h3>\n<\/div>\n<div id=\"collapseOne\" class=\"panel-collapse collapse show\" data-parent=\"#accordion\">\n<div class=\"panel-body\">\n<ul>\n<li>\n<h4>Dynamic test bench<\/h4>\n<p>Product development process is equiped with a dynamic test bench that is used to close loop between finite element model results and production prototypes. Low speed high load applications are tested in our own facilities to control fatigue life in our products.<\/p>\n<p>IP Test bench ensures a correct tightness of sealing system under dynamic conditions.<\/li>\n<li>\n<h4>Mainwind project<\/h4>\n<p>We are involved together with main wind industry component suppliers, in the development of a complete condition monitoring system to prevent bearing failures , and oriented to the predictive maintenance of wind mills and eolic parks.<\/li>\n<li>\n<h4>Design and FEA automation<\/h4>\n<p>A custom made application, based on world leading FE and CAE softwares, is in constant development to get fast and relyable designs within a short time to market. Loads and requirements in specifications are set as an imput to the system to get a design report for homologation.<\/li>\n<\/ul>\n<\/div>\n<\/div>\n<\/div>\n<div id=\"panel2\" class=\"panel panel-default\">\n<div class=\"panel-heading\">\n<h3 class=\"panel-title\"><a class=\"collapsed\" href=\"#collapseTwo\" data-toggle=\"collapse\" data-target=\"#collapseTwo\">SERVICES <i class=\"fa fa-chevron-down\"><\/i><i class=\"fa fa-chevron-up\"><\/i><\/a><\/h3>\n<\/div>\n<div id=\"collapseTwo\" class=\"panel-collapse collapse\" data-parent=\"#accordion\">\n<div class=\"panel-body\">\n<ul>\n<li>\n<h4>New product development<\/h4>\n<p>Different bearing conceptions are analyzed for different applications and most important parameters are identified and defined together with our clients to meet most demanding specifications.<\/li>\n<li>\n<h4>Reengineering of an existing Bearing<\/h4>\n<p>There are many cases where no drawings and supplier references are available for the replacement of an old bearing. Custom made designs are fitted to the measurements achieved in most accurate coordinate measuring machines to assure that bearing assembly in site is interference free.<\/li>\n<li>\n<h4>Technological assistance<\/h4>\n<p>In cases where bearing can not be delivered or dissasembled on site, our engineers are displaced to assess in replacement or improvement of machnical system and to define appropriate maintenance plan.<\/li>\n<\/ul>\n<div class=\"text-center mt-5\">\n<a class=\"btn btn-basic grisa\" href=\"https:\/\/www.renogear.net\/servicios\">View<\/a><\/div>\n<\/div>\n<\/div>\n<\/div>\n<div id=\"panel3\" class=\"panel panel-default\">\n<div class=\"panel-heading\">\n<h3 class=\"panel-title\"><a class=\"collapsed\" href=\"#collapseThree\" data-toggle=\"collapse\" data-target=\"#collapseThree\">SECTORS <i class=\"fa fa-chevron-down\"><\/i><i class=\"fa fa-chevron-up\"><\/i><\/a><\/h3>\n<\/div>\n<div id=\"collapseThree\" class=\"panel-collapse collapse bg-txuria\" data-parent=\"#accordion\">\n<div class=\"panel-body d-flex flex-wrap justify-content-center \">\n<div class=\"card\">\n<div class=\"card-header\">\n<h4>Wind<\/h4>\n<\/div>\n<ul class=\"list-group list-group-flush\">\n<li class=\"list-group-item\">Pitch<\/li>\n<li class=\"list-group-item\">Yaw<\/li>\n<\/ul>\n<\/div>\n<div class=\"card\">\n<div class=\"card-header\">\n<h4>Lifting<\/h4>\n<\/div>\n<ul class=\"list-group list-group-flush\">\n<li class=\"list-group-item\">Harbour cranes<\/li>\n<li class=\"list-group-item\">Tower cranes<\/li>\n<li class=\"list-group-item\">Aerial work platforms<\/li>\n<\/ul>\n<\/div>\n<div class=\"card\">\n<div class=\"card-header\">\n<h4>High Precission<\/h4>\n<\/div>\n<ul class=\"list-group list-group-flush\">\n<li class=\"list-group-item\">Antenas<\/li>\n<li class=\"list-group-item\">Machining and milling<\/li>\n<\/ul>\n<\/div>\n<div class=\"card\">\n<div class=\"card-header\">\n<h4>Mining<\/h4>\n<\/div>\n<ul class=\"list-group list-group-flush\">\n<li class=\"list-group-item\">Stacker reclaimers<\/li>\n<li class=\"list-group-item\">Excavators<\/li>\n<li class=\"list-group-item\">Tuneling machines<\/li>\n<\/ul>\n<\/div>\n<div class=\"card\">\n<div class=\"card-header\">\n<h4>Heavy industry<\/h4>\n<\/div>\n<ul class=\"list-group list-group-flush\">\n<li class=\"list-group-item\">Electric arc furnances<\/li>\n<li class=\"list-group-item\">Ladle turret<\/li>\n<li class=\"list-group-item\">Peletizing discs<\/li>\n<li class=\"list-group-item\">Centrifugal machines<\/li>\n<li class=\"list-group-item\">Welding platforms<\/li>\n<\/ul>\n<\/div>\n<div class=\"card\">\n<div class=\"card-header\">\n<h4>Others<\/h4>\n<\/div>\n<ul class=\"list-group list-group-flush\">\n<li class=\"list-group-item\">Low temperature<\/li>\n<li class=\"list-group-item\">Underwater<\/li>\n<li class=\"list-group-item\">Medical applications<\/li>\n<\/ul>\n<\/div>\n<\/div>\n<div class=\"text-center\">\n<a class=\"btn btn-basic grisa\" href=\"https:\/\/www.renogear.net\/sectores\">View<\/a><\/div>\n<\/div>\n<\/div>\n<div id=\"panel4\" class=\"panel panel-default\">\n<div class=\"panel-heading\">\n<h3 class=\"panel-title\"><a class=\"collapsed\" href=\"#collapse4\" data-toggle=\"collapse\" data-target=\"#collapse4\"> TECHNOLOGYCAL PARTNERS <i class=\"fa fa-chevron-down\"><\/i><i class=\"fa fa-chevron-up\"><\/i><\/a><\/h3>\n<\/div>\n<div id=\"collapse4\" class=\"panel-collapse collapse\" data-parent=\"#accordion\">\n<div class=\"panel-body\">\n<h4>Investigation centers<\/h4>\n<p class=\"lead\">We work together with national and international investigation centers for specialized technological support:<\/p>\n<ul>\n<li>Grease analysis for the meassurement of metal particles and humidity in working and tested bearings.<\/li>\n<li>Chemical compatibility between components and greases.<\/li>\n<li>Dynamic testing of components.<\/li>\n<li>Lightning resitance analysis.<\/li>\n<li>Corrosion protection of surface coatings.<\/li>\n<\/ul>\n<\/div>\n<\/div>\n<\/div>\n<\/div>\n<\/div>\n<\/div>\n<\/div>\n<h3>Experience, in all development processes<\/h3>\n<div class=\"atalak\">\n<div class=\"row d-flex justify-content-between\">\n<div class=\"col-md-5\">\n<p><img decoding=\"async\" class=\"img-fluid mb-2\" src=\"https:\/\/www.renogear.net\/wp-content\/uploads\/2019\/09\/aplicacion01.jpg\" alt=\"Image\" \/><\/p>\n<p class=\"atal-txt \">Renogear cooperates with the customer in all steps of development of specific bearings. We have highly experienced specialists in all areas.<\/p>\n<\/div>\n<div class=\"col-md-6\">\n<div class=\"row\">\n<div class=\"col-md-12\">\n<p class=\"atal-txt border border-0 pl-0\">We have:<\/p>\n<div class=\"atal-box d-flex mb-2 pb-3\">\n<div class=\"badge\"><i class=\"ion-android-add\">\u00a0<\/i><\/div>\n<div class=\"ml-2\">\n<h4>Engineering and innovation department<\/h4>\n<\/div>\n<\/div>\n<div class=\"atal-box d-flex mb-3 pb-3\">\n<div class=\"badge\"><i class=\"ion-android-add\">\u00a0<\/i><\/div>\n<div class=\"ml-2\">\n<h4>Specialised laboratories<\/h4>\n<\/div>\n<\/div>\n<div class=\"atal-box d-flex mb-3 pb-3\">\n<div class=\"badge\"><i class=\"ion-android-add\">\u00a0<\/i><\/div>\n<div class=\"ml-2\">\n<h4>Prototype workshop and a testing center<\/h4>\n<\/div>\n<\/div>\n<div class=\"atal-box d-flex mb-3 pb-3\">\n<div class=\"badge\"><i class=\"ion-android-add\">\u00a0<\/i><\/div>\n<div class=\"ml-2\">\n<h4>Quality department<\/h4>\n<\/div>\n<\/div>\n<div class=\"atal-box d-flex mb-3 pb-3\">\n<div class=\"badge\"><i class=\"ion-android-add\">\u00a0<\/i><\/div>\n<div class=\"ml-2\">\n<h4>Prouction centers and maintenance services<\/h4>\n<\/div>\n<\/div>\n<\/div>\n<\/div>\n<\/div>\n<\/div>\n<\/div>\n<div class=\"footer-txt p-md-0 p-3\">\n<div class=\"row justify-content-center\">\n<div class=\"col-md-8\">\n<h4 class=\"lead mt-4 mb-4\">We contribute our experience both in the definition of needs and technical specifications and in the optimization and integration of the product. Renogear also guarantees permanent monitoring of the lifetime of the product.<\/h4>\n<\/div>\n<\/div>\n<\/div>\n","protected":false},"excerpt":{"rendered":"<p>RENOGEAR offers specific solutions to special technical requirements, with reliability and cost effectiveness. Our custom made bearings are based on innovative technologies and robust, efficient and optimized designs to achieve the stated objectives. Renogear guarantees precision, high performance and great durability on its bearings Renogear is innovation, it is the engineering of the future We [&hellip;]<\/p>\n","protected":false},"author":1,"featured_media":734,"parent":0,"menu_order":0,"comment_status":"closed","ping_status":"closed","template":"template-ingenieria.php","meta":{"_acf_changed":false,"footnotes":""},"class_list":["post-732","page","type-page","status-publish","has-post-thumbnail","hentry"],"acf":[],"yoast_head":"<!-- This site is optimized with the Yoast SEO plugin v26.8 - https:\/\/yoast.com\/product\/yoast-seo-wordpress\/ -->\n<title>Innovation | Product Engineering - RENOGEAR Slewing Bearings<\/title>\n<meta name=\"description\" content=\"Soluciones de ingenier\u00eda a medida. Soluciones espec\u00edficas a exigencias t\u00e9cnicas especiales, cumpliendo con objetivos de fiabilidad y costes de los clientes. Precisi\u00f3n, alto rendimiento y gran durabilidad de sus rodamientos.\" \/>\n<meta name=\"robots\" content=\"index, follow, max-snippet:-1, max-image-preview:large, max-video-preview:-1\" \/>\n<link rel=\"canonical\" href=\"https:\/\/www.renogear.net\/en\/engineering\" \/>\n<meta property=\"og:locale\" content=\"en_US\" \/>\n<meta property=\"og:type\" content=\"article\" \/>\n<meta property=\"og:title\" content=\"Innovation | Product Engineering - RENOGEAR Slewing Bearings\" \/>\n<meta property=\"og:description\" content=\"Soluciones de ingenier\u00eda a medida. Soluciones espec\u00edficas a exigencias t\u00e9cnicas especiales, cumpliendo con objetivos de fiabilidad y costes de los clientes. Precisi\u00f3n, alto rendimiento y gran durabilidad de sus rodamientos.\" \/>\n<meta property=\"og:url\" content=\"https:\/\/www.renogear.net\/en\/engineering\" \/>\n<meta property=\"og:site_name\" content=\"RENOGEAR Slewing Bearings\" \/>\n<meta property=\"article:modified_time\" content=\"2020-10-28T07:37:16+00:00\" \/>\n<meta property=\"og:image\" content=\"https:\/\/www.renogear.net\/wp-content\/uploads\/2019\/09\/id05.jpg\" \/>\n\t<meta property=\"og:image:width\" content=\"652\" \/>\n\t<meta property=\"og:image:height\" content=\"362\" \/>\n\t<meta property=\"og:image:type\" content=\"image\/jpeg\" \/>\n<meta name=\"twitter:card\" content=\"summary_large_image\" \/>\n<meta name=\"twitter:label1\" content=\"Est. reading time\" \/>\n\t<meta name=\"twitter:data1\" content=\"3 minutes\" \/>\n<script type=\"application\/ld+json\" class=\"yoast-schema-graph\">{\"@context\":\"https:\/\/schema.org\",\"@graph\":[{\"@type\":\"WebPage\",\"@id\":\"https:\/\/www.renogear.net\/en\/engineering\",\"url\":\"https:\/\/www.renogear.net\/en\/engineering\",\"name\":\"Innovation | Product Engineering - RENOGEAR Slewing Bearings\",\"isPartOf\":{\"@id\":\"https:\/\/www.renogear.net\/en#website\"},\"primaryImageOfPage\":{\"@id\":\"https:\/\/www.renogear.net\/en\/engineering#primaryimage\"},\"image\":{\"@id\":\"https:\/\/www.renogear.net\/en\/engineering#primaryimage\"},\"thumbnailUrl\":\"https:\/\/www.renogear.net\/wp-content\/uploads\/2019\/09\/id05.jpg\",\"datePublished\":\"2019-06-05T10:15:28+00:00\",\"dateModified\":\"2020-10-28T07:37:16+00:00\",\"description\":\"Soluciones de ingenier\u00eda a medida. Soluciones espec\u00edficas a exigencias t\u00e9cnicas especiales, cumpliendo con objetivos de fiabilidad y costes de los clientes. Precisi\u00f3n, alto rendimiento y gran durabilidad de sus rodamientos.\",\"breadcrumb\":{\"@id\":\"https:\/\/www.renogear.net\/en\/engineering#breadcrumb\"},\"inLanguage\":\"en-US\",\"potentialAction\":[{\"@type\":\"ReadAction\",\"target\":[\"https:\/\/www.renogear.net\/en\/engineering\"]}]},{\"@type\":\"ImageObject\",\"inLanguage\":\"en-US\",\"@id\":\"https:\/\/www.renogear.net\/en\/engineering#primaryimage\",\"url\":\"https:\/\/www.renogear.net\/wp-content\/uploads\/2019\/09\/id05.jpg\",\"contentUrl\":\"https:\/\/www.renogear.net\/wp-content\/uploads\/2019\/09\/id05.jpg\",\"width\":652,\"height\":362},{\"@type\":\"BreadcrumbList\",\"@id\":\"https:\/\/www.renogear.net\/en\/engineering#breadcrumb\",\"itemListElement\":[{\"@type\":\"ListItem\",\"position\":1,\"name\":\"Home\",\"item\":\"https:\/\/www.renogear.net\/en\"},{\"@type\":\"ListItem\",\"position\":2,\"name\":\"Innovation | Product Engineering\"}]},{\"@type\":\"WebSite\",\"@id\":\"https:\/\/www.renogear.net\/en#website\",\"url\":\"https:\/\/www.renogear.net\/en\",\"name\":\"RENOGEAR Slewing Bearings\",\"description\":\"\",\"potentialAction\":[{\"@type\":\"SearchAction\",\"target\":{\"@type\":\"EntryPoint\",\"urlTemplate\":\"https:\/\/www.renogear.net\/en?s={search_term_string}\"},\"query-input\":{\"@type\":\"PropertyValueSpecification\",\"valueRequired\":true,\"valueName\":\"search_term_string\"}}],\"inLanguage\":\"en-US\"}]}<\/script>\n<!-- \/ Yoast SEO plugin. -->","yoast_head_json":{"title":"Innovation | Product Engineering - RENOGEAR Slewing Bearings","description":"Soluciones de ingenier\u00eda a medida. Soluciones espec\u00edficas a exigencias t\u00e9cnicas especiales, cumpliendo con objetivos de fiabilidad y costes de los clientes. Precisi\u00f3n, alto rendimiento y gran durabilidad de sus rodamientos.","robots":{"index":"index","follow":"follow","max-snippet":"max-snippet:-1","max-image-preview":"max-image-preview:large","max-video-preview":"max-video-preview:-1"},"canonical":"https:\/\/www.renogear.net\/en\/engineering","og_locale":"en_US","og_type":"article","og_title":"Innovation | Product Engineering - RENOGEAR Slewing Bearings","og_description":"Soluciones de ingenier\u00eda a medida. Soluciones espec\u00edficas a exigencias t\u00e9cnicas especiales, cumpliendo con objetivos de fiabilidad y costes de los clientes. Precisi\u00f3n, alto rendimiento y gran durabilidad de sus rodamientos.","og_url":"https:\/\/www.renogear.net\/en\/engineering","og_site_name":"RENOGEAR Slewing Bearings","article_modified_time":"2020-10-28T07:37:16+00:00","og_image":[{"width":652,"height":362,"url":"https:\/\/www.renogear.net\/wp-content\/uploads\/2019\/09\/id05.jpg","type":"image\/jpeg"}],"twitter_card":"summary_large_image","twitter_misc":{"Est. reading time":"3 minutes"},"schema":{"@context":"https:\/\/schema.org","@graph":[{"@type":"WebPage","@id":"https:\/\/www.renogear.net\/en\/engineering","url":"https:\/\/www.renogear.net\/en\/engineering","name":"Innovation | Product Engineering - RENOGEAR Slewing Bearings","isPartOf":{"@id":"https:\/\/www.renogear.net\/en#website"},"primaryImageOfPage":{"@id":"https:\/\/www.renogear.net\/en\/engineering#primaryimage"},"image":{"@id":"https:\/\/www.renogear.net\/en\/engineering#primaryimage"},"thumbnailUrl":"https:\/\/www.renogear.net\/wp-content\/uploads\/2019\/09\/id05.jpg","datePublished":"2019-06-05T10:15:28+00:00","dateModified":"2020-10-28T07:37:16+00:00","description":"Soluciones de ingenier\u00eda a medida. Soluciones espec\u00edficas a exigencias t\u00e9cnicas especiales, cumpliendo con objetivos de fiabilidad y costes de los clientes. Precisi\u00f3n, alto rendimiento y gran durabilidad de sus rodamientos.","breadcrumb":{"@id":"https:\/\/www.renogear.net\/en\/engineering#breadcrumb"},"inLanguage":"en-US","potentialAction":[{"@type":"ReadAction","target":["https:\/\/www.renogear.net\/en\/engineering"]}]},{"@type":"ImageObject","inLanguage":"en-US","@id":"https:\/\/www.renogear.net\/en\/engineering#primaryimage","url":"https:\/\/www.renogear.net\/wp-content\/uploads\/2019\/09\/id05.jpg","contentUrl":"https:\/\/www.renogear.net\/wp-content\/uploads\/2019\/09\/id05.jpg","width":652,"height":362},{"@type":"BreadcrumbList","@id":"https:\/\/www.renogear.net\/en\/engineering#breadcrumb","itemListElement":[{"@type":"ListItem","position":1,"name":"Home","item":"https:\/\/www.renogear.net\/en"},{"@type":"ListItem","position":2,"name":"Innovation | Product Engineering"}]},{"@type":"WebSite","@id":"https:\/\/www.renogear.net\/en#website","url":"https:\/\/www.renogear.net\/en","name":"RENOGEAR Slewing Bearings","description":"","potentialAction":[{"@type":"SearchAction","target":{"@type":"EntryPoint","urlTemplate":"https:\/\/www.renogear.net\/en?s={search_term_string}"},"query-input":{"@type":"PropertyValueSpecification","valueRequired":true,"valueName":"search_term_string"}}],"inLanguage":"en-US"}]}},"_links":{"self":[{"href":"https:\/\/www.renogear.net\/en\/wp-json\/wp\/v2\/pages\/732","targetHints":{"allow":["GET"]}}],"collection":[{"href":"https:\/\/www.renogear.net\/en\/wp-json\/wp\/v2\/pages"}],"about":[{"href":"https:\/\/www.renogear.net\/en\/wp-json\/wp\/v2\/types\/page"}],"author":[{"embeddable":true,"href":"https:\/\/www.renogear.net\/en\/wp-json\/wp\/v2\/users\/1"}],"replies":[{"embeddable":true,"href":"https:\/\/www.renogear.net\/en\/wp-json\/wp\/v2\/comments?post=732"}],"version-history":[{"count":5,"href":"https:\/\/www.renogear.net\/en\/wp-json\/wp\/v2\/pages\/732\/revisions"}],"predecessor-version":[{"id":751,"href":"https:\/\/www.renogear.net\/en\/wp-json\/wp\/v2\/pages\/732\/revisions\/751"}],"wp:featuredmedia":[{"embeddable":true,"href":"https:\/\/www.renogear.net\/en\/wp-json\/wp\/v2\/media\/734"}],"wp:attachment":[{"href":"https:\/\/www.renogear.net\/en\/wp-json\/wp\/v2\/media?parent=732"}],"curies":[{"name":"wp","href":"https:\/\/api.w.org\/{rel}","templated":true}]}}